{"id":736,"date":"2023-10-09T18:58:39","date_gmt":"2023-10-09T16:58:39","guid":{"rendered":"https:\/\/greenpowersolutions.ba\/?page_id=736"},"modified":"2024-04-01T07:56:02","modified_gmt":"2024-04-01T05:56:02","slug":"history","status":"publish","type":"page","link":"https:\/\/greenpowersolutions.ba\/en\/history\/","title":{"rendered":"Postignu\u0107a"},"content":{"rendered":"<div data-elementor-type=\"wp-page\" data-elementor-id=\"736\" class=\"elementor elementor-736\" data-elementor-post-type=\"page\">\n\t\t\t\t\t\t<section class=\"elementor-section elementor-top-section elementor-element elementor-element-793ee78 elementor-section-boxed elementor-section-height-default elementor-section-height-default\" data-id=\"793ee78\" data-element_type=\"section\" data-e-type=\"section\" data-settings=\"{&quot;background_background&quot;:&quot;classic&quot;}\">\n\t\t\t\t\t\t<div class=\"elementor-container elementor-column-gap-wider\">\n\t\t\t\t\t<div class=\"elementor-column elementor-col-50 elementor-top-column elementor-element elementor-element-482ea10\" data-id=\"482ea10\" data-element_type=\"column\" data-e-type=\"column\">\n\t\t\t<div class=\"elementor-widget-wrap elementor-element-populated\">\n\t\t\t\t\t\t<div class=\"elementor-element elementor-element-8c55a33 elementor-widget elementor-widget-spacer\" data-id=\"8c55a33\" data-element_type=\"widget\" data-e-type=\"widget\" data-widget_type=\"spacer.default\">\n\t\t\t\t<div class=\"elementor-widget-container\">\n\t\t\t\t\t\t\t<div class=\"elementor-spacer\">\n\t\t\t<div class=\"elementor-spacer-inner\"><\/div>\n\t\t<\/div>\n\t\t\t\t\t\t<\/div>\n\t\t\t\t<\/div>\n\t\t\t\t<div class=\"elementor-element elementor-element-bca2fa0 elementor-widget elementor-widget-heading\" data-id=\"bca2fa0\" data-element_type=\"widget\" data-e-type=\"widget\" data-widget_type=\"heading.default\">\n\t\t\t\t<div class=\"elementor-widget-container\">\n\t\t\t\t\t<h2 class=\"elementor-heading-title elementor-size-default\"><span lang=\"bs\"><span><span>U<\/span><\/span><\/span>nikatna <br>Iskustva<br>za Svakoga<\/h2>\t\t\t\t<\/div>\n\t\t\t\t<\/div>\n\t\t\t\t<div class=\"elementor-element elementor-element-0dcfb5e elementor-widget elementor-widget-text-editor\" data-id=\"0dcfb5e\" data-element_type=\"widget\" data-e-type=\"widget\" data-widget_type=\"text-editor.default\">\n\t\t\t\t<div class=\"elementor-widget-container\">\n\t\t\t\t\t\t\t\t\t<p>Iskusna kompanija sa beskona\u010dnim potencijalom za rast.<\/p>\t\t\t\t\t\t\t\t<\/div>\n\t\t\t\t<\/div>\n\t\t\t\t<div class=\"elementor-element elementor-element-503d429 elementor-widget elementor-widget-spacer\" data-id=\"503d429\" data-element_type=\"widget\" data-e-type=\"widget\" data-widget_type=\"spacer.default\">\n\t\t\t\t<div class=\"elementor-widget-container\">\n\t\t\t\t\t\t\t<div class=\"elementor-spacer\">\n\t\t\t<div class=\"elementor-spacer-inner\"><\/div>\n\t\t<\/div>\n\t\t\t\t\t\t<\/div>\n\t\t\t\t<\/div>\n\t\t\t\t\t<\/div>\n\t\t<\/div>\n\t\t\t\t<div class=\"elementor-column elementor-col-50 elementor-top-column elementor-element elementor-element-316e17f\" data-id=\"316e17f\" data-element_type=\"column\" data-e-type=\"column\">\n\t\t\t<div class=\"elementor-widget-wrap elementor-element-populated\">\n\t\t\t\t\t\t<div class=\"elementor-element elementor-element-74efa24 elementor-widget__width-inherit elementor-widget elementor-widget-image\" data-id=\"74efa24\" data-element_type=\"widget\" data-e-type=\"widget\" data-widget_type=\"image.default\">\n\t\t\t\t<div class=\"elementor-widget-container\">\n\t\t\t\t\t\t\t\t\t\t\t\t\t\t\t<img fetchpriority=\"high\" decoding=\"async\" width=\"1280\" height=\"905\" src=\"https:\/\/greenpowersolutions.ba\/wp-content\/uploads\/2023\/10\/city-buildings-architecture-182223.jpg\" class=\"attachment-full size-full wp-image-738\" alt=\"city, buildings, architecture-182223.jpg\" srcset=\"https:\/\/greenpowersolutions.ba\/wp-content\/uploads\/2023\/10\/city-buildings-architecture-182223.jpg 1280w, https:\/\/greenpowersolutions.ba\/wp-content\/uploads\/2023\/10\/city-buildings-architecture-182223-300x212.jpg 300w, https:\/\/greenpowersolutions.ba\/wp-content\/uploads\/2023\/10\/city-buildings-architecture-182223-1024x724.jpg 1024w, https:\/\/greenpowersolutions.ba\/wp-content\/uploads\/2023\/10\/city-buildings-architecture-182223-768x543.jpg 768w, https:\/\/greenpowersolutions.ba\/wp-content\/uploads\/2023\/10\/city-buildings-architecture-182223-18x12.jpg 18w\" sizes=\"(max-width: 1280px) 100vw, 1280px\" \/>\t\t\t\t\t\t\t\t\t\t\t\t\t\t\t<\/div>\n\t\t\t\t<\/div>\n\t\t\t\t\t<\/div>\n\t\t<\/div>\n\t\t\t\t\t<\/div>\n\t\t<\/section>\n\t\t\t\t<section class=\"elementor-section elementor-top-section elementor-element elementor-element-c87dbba elementor-section-boxed elementor-section-height-default elementor-section-height-default\" data-id=\"c87dbba\" data-element_type=\"section\" data-e-type=\"section\">\n\t\t\t\t\t\t<div class=\"elementor-container elementor-column-gap-default\">\n\t\t\t\t\t<div class=\"elementor-column elementor-col-100 elementor-top-column elementor-element elementor-element-5a0f127\" data-id=\"5a0f127\" data-element_type=\"column\" data-e-type=\"column\">\n\t\t\t<div class=\"elementor-widget-wrap elementor-element-populated\">\n\t\t\t\t\t\t<div class=\"elementor-element elementor-element-c10cb98 elementor-widget elementor-widget-spacer\" data-id=\"c10cb98\" data-element_type=\"widget\" data-e-type=\"widget\" data-widget_type=\"spacer.default\">\n\t\t\t\t<div class=\"elementor-widget-container\">\n\t\t\t\t\t\t\t<div class=\"elementor-spacer\">\n\t\t\t<div class=\"elementor-spacer-inner\"><\/div>\n\t\t<\/div>\n\t\t\t\t\t\t<\/div>\n\t\t\t\t<\/div>\n\t\t\t\t<div class=\"elementor-element elementor-element-a40885c elementor-widget elementor-widget-heading\" data-id=\"a40885c\" data-element_type=\"widget\" data-e-type=\"widget\" data-widget_type=\"heading.default\">\n\t\t\t\t<div class=\"elementor-widget-container\">\n\t\t\t\t\t<h2 class=\"elementor-heading-title elementor-size-default\">Postignu\u0107a<\/h2>\t\t\t\t<\/div>\n\t\t\t\t<\/div>\n\t\t\t\t<div class=\"elementor-element elementor-element-29d49c4 elementor-widget elementor-widget-spacer\" data-id=\"29d49c4\" data-element_type=\"widget\" data-e-type=\"widget\" data-widget_type=\"spacer.default\">\n\t\t\t\t<div class=\"elementor-widget-container\">\n\t\t\t\t\t\t\t<div class=\"elementor-spacer\">\n\t\t\t<div class=\"elementor-spacer-inner\"><\/div>\n\t\t<\/div>\n\t\t\t\t\t\t<\/div>\n\t\t\t\t<\/div>\n\t\t\t\t<div class=\"elementor-element elementor-element-ed46fb1 elementor-widget elementor-widget-text-editor\" data-id=\"ed46fb1\" data-element_type=\"widget\" data-e-type=\"widget\" data-widget_type=\"text-editor.default\">\n\t\t\t\t<div class=\"elementor-widget-container\">\n\t\t\t\t\t\t\t\t\t<div class=\"lRu31\"><span class=\"HwtZe\" lang=\"bs\"><span class=\"jCAhz ChMk0b\"><span class=\"ryNqvb\">Od svog osnivanja 2019. godine, GPS je nastavio da napreduje diverzifikuju\u0107i na\u0161 portfolio novim poduhvatima, nadovezuju\u0107i se na svoju osnovnu djelatnost zasnovanu na obnovljivoj energiji, sistemima merenja, upravljanja i regulacije, te instalacijama u stanogradnji i industriji.<\/span><\/span><\/span><\/div>\t\t\t\t\t\t\t\t<\/div>\n\t\t\t\t<\/div>\n\t\t\t\t<div class=\"elementor-element elementor-element-c97a35c elementor-widget elementor-widget-spacer\" data-id=\"c97a35c\" data-element_type=\"widget\" data-e-type=\"widget\" data-widget_type=\"spacer.default\">\n\t\t\t\t<div class=\"elementor-widget-container\">\n\t\t\t\t\t\t\t<div class=\"elementor-spacer\">\n\t\t\t<div class=\"elementor-spacer-inner\"><\/div>\n\t\t<\/div>\n\t\t\t\t\t\t<\/div>\n\t\t\t\t<\/div>\n\t\t\t\t<div class=\"elementor-element elementor-element-bd2b428 elementor-widget-divider--view-line elementor-widget elementor-widget-divider\" data-id=\"bd2b428\" data-element_type=\"widget\" data-e-type=\"widget\" data-widget_type=\"divider.default\">\n\t\t\t\t<div class=\"elementor-widget-container\">\n\t\t\t\t\t\t\t<div class=\"elementor-divider\">\n\t\t\t<span class=\"elementor-divider-separator\">\n\t\t\t\t\t\t<\/span>\n\t\t<\/div>\n\t\t\t\t\t\t<\/div>\n\t\t\t\t<\/div>\n\t\t\t\t\t<\/div>\n\t\t<\/div>\n\t\t\t\t\t<\/div>\n\t\t<\/section>\n\t\t\t\t<section class=\"elementor-section elementor-top-section elementor-element elementor-element-661b581 elementor-section-boxed elementor-section-height-default elementor-section-height-default\" data-id=\"661b581\" data-element_type=\"section\" data-e-type=\"section\">\n\t\t\t\t\t\t<div class=\"elementor-container elementor-column-gap-default\">\n\t\t\t\t\t<div class=\"elementor-column elementor-col-100 elementor-top-column elementor-element elementor-element-29c991b\" data-id=\"29c991b\" data-element_type=\"column\" data-e-type=\"column\">\n\t\t\t<div class=\"elementor-widget-wrap elementor-element-populated\">\n\t\t\t\t\t\t<div class=\"elementor-element elementor-element-c210aac elementor-widget elementor-widget-timeline-widget-addon\" data-id=\"c210aac\" data-element_type=\"widget\" data-e-type=\"widget\" data-widget_type=\"timeline-widget-addon.default\">\n\t\t\t\t<div class=\"elementor-widget-container\">\n\t\t\t\t\t<!-- ========= Timeline Widget Addon For Elementor 1.6.24 ========= -->\n<div id=\"twae-wrapper-c210aac\" class=\"twae-vertical twae-wrapper  twae-both-sided\">   \n    <div class=\"twae-start\"><\/div>    \n    <div id=\"twea-timeline-c210aac\" class=\"twae-timeline\" ><!-- Start of Story Repeater Content --><div id=\"story-dfa96af\" class=\"twae-story twae-repeater-item twae-story-right twae-story-no-icon\"><!-- Story Label --><div class=\"twae-labels\"><div class=\"twae-label-big\">2023<\/div><\/div><!-- Story Icon Dot --><div class=\"twae-icondot\"><\/div><!-- Story Arrow --><div class=\"twae-arrow\"><\/div><!-- Start of Story Content --><div class=\"twae-content\"><!-- Story Title --><div class=\"twae-title\">4. august<\/div><!-- Story Image --><div class=\"twae-media full\"><img decoding=\"async\" width=\"2560\" height=\"1707\" src=\"https:\/\/greenpowersolutions.ba\/wp-content\/uploads\/2023\/10\/AAP01772-scaled.jpg\" class=\"attachment-full size-full\" alt=\"\" srcset=\"https:\/\/greenpowersolutions.ba\/wp-content\/uploads\/2023\/10\/AAP01772-scaled.jpg 2560w, https:\/\/greenpowersolutions.ba\/wp-content\/uploads\/2023\/10\/AAP01772-300x200.jpg 300w, https:\/\/greenpowersolutions.ba\/wp-content\/uploads\/2023\/10\/AAP01772-1024x683.jpg 1024w, https:\/\/greenpowersolutions.ba\/wp-content\/uploads\/2023\/10\/AAP01772-768x512.jpg 768w, https:\/\/greenpowersolutions.ba\/wp-content\/uploads\/2023\/10\/AAP01772-1536x1024.jpg 1536w, https:\/\/greenpowersolutions.ba\/wp-content\/uploads\/2023\/10\/AAP01772-2048x1365.jpg 2048w\" sizes=\"(max-width: 2560px) 100vw, 2560px\" \/><\/div><!-- Story Description --><div class=\"twae-description\"><p>FNE Ravan 3, fojnica<\/p><\/div><\/div><\/div><!-- Start of Story Repeater Content --><div id=\"story-c45cfcf\" class=\"twae-story twae-repeater-item twae-story-left twae-story-no-icon\"><!-- Story Icon Dot --><div class=\"twae-icondot\"><\/div><!-- Story Arrow --><div class=\"twae-arrow\"><\/div><!-- Start of Story Content --><div class=\"twae-content\"><!-- Story Title --><div class=\"twae-title\">27. juli<\/div><!-- Story Description --><div class=\"twae-description\"><p>FNE Edhad Energy<\/p><\/div><\/div><\/div><!-- Start of Story Repeater Content --><div id=\"story-a8605fe\" class=\"twae-story twae-repeater-item twae-story-right twae-story-no-icon\"><!-- Story Icon Dot --><div class=\"twae-icondot\"><\/div><!-- Story Arrow --><div class=\"twae-arrow\"><\/div><!-- Start of Story Content --><div class=\"twae-content\"><!-- Story Title --><div class=\"twae-title\">28. april<\/div><!-- Story Description --><div class=\"twae-description\"><p>Mlinske linije - Blok 7<\/p><p>Termoelektrana \"Kakanj\", Kakanj<\/p><\/div><\/div><\/div><!-- Start of Story Repeater Content --><div id=\"story-885fc55\" class=\"twae-story twae-repeater-item twae-story-left twae-story-no-icon\"><!-- Story Icon Dot --><div class=\"twae-icondot\"><\/div><!-- Story Arrow --><div class=\"twae-arrow\"><\/div><!-- Start of Story Content --><div class=\"twae-content\"><!-- Story Title --><div class=\"twae-title\">10. april<\/div><!-- Story Description --><div class=\"twae-description\"><p>Separator Mlina cementa \"B\"<\/p><p>Tvornica cementa Kakanj d.d. Kakanj<\/p><\/div><\/div><\/div><!-- Start of Story Repeater Content --><div id=\"story-915d453\" class=\"twae-story twae-repeater-item twae-story-right twae-story-no-icon\"><!-- Story Label --><div class=\"twae-labels\"><div class=\"twae-label-small\">2019<\/div><\/div><!-- Story Icon Dot --><div class=\"twae-icondot\"><\/div><!-- Story Arrow --><div class=\"twae-arrow\"><\/div><!-- Start of Story Content --><div class=\"twae-content\"><!-- Story Title --><div class=\"twae-title\">14. mart<\/div><!-- Story Image --><div class=\"twae-media full\"><img decoding=\"async\" width=\"8400\" height=\"2100\" src=\"https:\/\/greenpowersolutions.ba\/wp-content\/uploads\/2020\/04\/GPS-Text-Logo-B-ver.-Black.png\" class=\"attachment-full size-full\" alt=\"\" srcset=\"https:\/\/greenpowersolutions.ba\/wp-content\/uploads\/2020\/04\/GPS-Text-Logo-B-ver.-Black.png 1x, https:\/\/greenpowersolutions.ba\/wp-content\/uploads\/2020\/04\/logo1@2x.png 2x\" sizes=\"(max-width: 8400px) 100vw, 8400px\" \/><\/div><!-- Story Description --><div class=\"twae-description\"><p>Osnovan Green Power Solutions<\/p><\/div><\/div><\/div><\/div>\n    <div class=\"twae-end\"><\/div>\n    <\/div><style type=\"text\/css\">@media (max-width: 1024px){ .twae-wrapper{--tw-ybx-size: 80px !important;}}@media (max-width: 767px){ .twae-wrapper{--tw-ybx-size: 80px !important}}<\/style>\t\t\t\t<\/div>\n\t\t\t\t<\/div>\n\t\t\t\t\t<\/div>\n\t\t<\/div>\n\t\t\t\t\t<\/div>\n\t\t<\/section>\n\t\t\t\t<section class=\"elementor-section elementor-top-section elementor-element elementor-element-d08fe9e elementor-section-boxed elementor-section-height-default elementor-section-height-default\" data-id=\"d08fe9e\" data-element_type=\"section\" data-e-type=\"section\" data-settings=\"{&quot;background_background&quot;:&quot;classic&quot;}\">\n\t\t\t\t\t\t<div class=\"elementor-container elementor-column-gap-default\">\n\t\t\t\t\t<div class=\"elementor-column elementor-col-100 elementor-top-column elementor-element elementor-element-9dd82a6\" data-id=\"9dd82a6\" data-element_type=\"column\" data-e-type=\"column\">\n\t\t\t<div class=\"elementor-widget-wrap elementor-element-populated\">\n\t\t\t\t\t\t<div class=\"elementor-element elementor-element-2084f79 elementor-widget elementor-widget-spacer\" data-id=\"2084f79\" data-element_type=\"widget\" data-e-type=\"widget\" data-widget_type=\"spacer.default\">\n\t\t\t\t<div class=\"elementor-widget-container\">\n\t\t\t\t\t\t\t<div class=\"elementor-spacer\">\n\t\t\t<div class=\"elementor-spacer-inner\"><\/div>\n\t\t<\/div>\n\t\t\t\t\t\t<\/div>\n\t\t\t\t<\/div>\n\t\t\t\t\t<\/div>\n\t\t<\/div>\n\t\t\t\t\t<\/div>\n\t\t<\/section>\n\t\t\t\t<\/div>","protected":false},"excerpt":{"rendered":"<p>Unikatna Iskustvaza Svakoga Iskusna kompanija sa beskona\u010dnim potencijalom za rast. Postignu\u0107a Od svog osnivanja 2019. godine, GPS je nastavio da napreduje diverzifikuju\u0107i na\u0161 portfolio novim poduhvatima, nadovezuju\u0107i se na svoju osnovnu djelatnost zasnovanu na obnovljivoj energiji, sistemima merenja, upravljanja i regulacije, te instalacijama u stanogradnji i industriji. 20234. august FNE Ravan 3, fojnica 27. juli [&hellip;]<\/p>\n","protected":false},"author":1,"featured_media":0,"parent":0,"menu_order":0,"comment_status":"closed","ping_status":"closed","template":"","meta":{"site-sidebar-layout":"no-sidebar","site-content-layout":"page-builder","ast-site-content-layout":"full-width-container","site-content-style":"default","site-sidebar-style":"default","ast-global-header-display":"","ast-banner-title-visibility":"","ast-main-header-display":"","ast-hfb-above-header-display":"","ast-hfb-below-header-display":"","ast-hfb-mobile-header-display":"","site-post-title":"disabled","ast-breadcrumbs-content":"","ast-featured-img":"disabled","footer-sml-layout":"","theme-transparent-header-meta":"","adv-header-id-meta":"","stick-header-meta":"","header-above-stick-meta":"","header-main-stick-meta":"","header-below-stick-meta":"","astra-migrate-meta-layouts":"set","ast-page-background-enabled":"default","ast-page-background-meta":{"desktop":{"background-color":"","background-image":"","background-repeat":"repeat","background-position":"center center","background-size":"auto","background-attachment":"scroll","background-type":"","background-media":"","overlay-type":"","overlay-color":"","overlay-gradient":""},"tablet":{"background-color":"","background-image":"","background-repeat":"repeat","background-position":"center center","background-size":"auto","background-attachment":"scroll","background-type":"","background-media":"","overlay-type":"","overlay-color":"","overlay-gradient":""},"mobile":{"background-color":"","background-image":"","background-repeat":"repeat","background-position":"center center","background-size":"auto","background-attachment":"scroll","background-type":"","background-media":"","overlay-type":"","overlay-color":"","overlay-gradient":""}},"ast-content-background-meta":{"desktop":{"background-color":"var(--ast-global-color-5)","background-image":"","background-repeat":"repeat","background-position":"center center","background-size":"auto","background-attachment":"scroll","background-type":"","background-media":"","overlay-type":"","overlay-color":"","overlay-gradient":""},"tablet":{"background-color":"var(--ast-global-color-5)","background-image":"","background-repeat":"repeat","background-position":"center center","background-size":"auto","background-attachment":"scroll","background-type":"","background-media":"","overlay-type":"","overlay-color":"","overlay-gradient":""},"mobile":{"background-color":"var(--ast-global-color-5)","background-image":"","background-repeat":"repeat","background-position":"center center","background-size":"auto","background-attachment":"scroll","background-type":"","background-media":"","overlay-type":"","overlay-color":"","overlay-gradient":""}},"footnotes":""},"class_list":["post-736","page","type-page","status-publish","hentry"],"_links":{"self":[{"href":"https:\/\/greenpowersolutions.ba\/en\/wp-json\/wp\/v2\/pages\/736","targetHints":{"allow":["GET"]}}],"collection":[{"href":"https:\/\/greenpowersolutions.ba\/en\/wp-json\/wp\/v2\/pages"}],"about":[{"href":"https:\/\/greenpowersolutions.ba\/en\/wp-json\/wp\/v2\/types\/page"}],"author":[{"embeddable":true,"href":"https:\/\/greenpowersolutions.ba\/en\/wp-json\/wp\/v2\/users\/1"}],"replies":[{"embeddable":true,"href":"https:\/\/greenpowersolutions.ba\/en\/wp-json\/wp\/v2\/comments?post=736"}],"version-history":[{"count":29,"href":"https:\/\/greenpowersolutions.ba\/en\/wp-json\/wp\/v2\/pages\/736\/revisions"}],"predecessor-version":[{"id":801,"href":"https:\/\/greenpowersolutions.ba\/en\/wp-json\/wp\/v2\/pages\/736\/revisions\/801"}],"wp:attachment":[{"href":"https:\/\/greenpowersolutions.ba\/en\/wp-json\/wp\/v2\/media?parent=736"}],"curies":[{"name":"wp","href":"https:\/\/api.w.org\/{rel}","templated":true}]}}